{"id":78,"date":"2022-10-17T07:03:13","date_gmt":"2022-10-17T07:03:13","guid":{"rendered":"https:\/\/mujeresenenergiasrenovables.co\/?page_id=78"},"modified":"2023-05-09T14:30:24","modified_gmt":"2023-05-09T19:30:24","slug":"home","status":"publish","type":"page","link":"https:\/\/mujeresenenergiasrenovables.co\/","title":{"rendered":"Home"},"content":{"rendered":"\n<div class=\"wp-block-uagb-container uagb-block-f5902932 alignfull uagb-is-root-container\">\n<div class=\"wp-block-uagb-container uagb-block-26eb8810 default uagb-is-root-container\">\n<div class=\"wp-block-uagb-info-box uagb-block-44a77df6 uagb-infobox__content-wrap  uagb-infobox-icon-above-title uagb-infobox-image-valign-top\"><div class=\"uagb-ifb-content\"><div class=\"uagb-ifb-title-wrap\"><h1 class=\"uagb-ifb-title\">Mujeres  en Energ\u00edas Renovables Colombia<\/h1><\/div><div class=\"uagb-ifb-button-wrapper wp-block-button\"><a href=\"https:\/\/mujeresenenergiasrenovables.co\/?page_id=107(abre en una nueva pesta\u00f1a)\" class=\"uagb-infobox-cta-link wp-block-button__link\" target=\"_self\" rel=\"noopener noreferrer\" onclick=\"return true;\" alt=\"\"><span class=\"uagb-inline-editing\">Prop\u00f3sito<\/span><\/a><\/div><\/div><\/div>\n\n\n\n<div class=\"wp-block-columns is-layout-flex wp-container-2\">\n<div class=\"wp-block-column is-layout-flow\"><\/div>\n<\/div>\n\n\n\n<div class=\"wp-block-columns is-layout-flex wp-container-4\">\n<div class=\"wp-block-column is-layout-flow\"><\/div>\n<\/div>\n\n\n\n<figure class=\"wp-block-image size-full\"><img decoding=\"async\" loading=\"lazy\" width=\"685\" height=\"191\" src=\"https:\/\/mujeresenenergiasrenovables.co\/wp-content\/uploads\/2023\/05\/Cita_1_-_Copy-removebg-preview.png\" alt=\"\" class=\"wp-image-1360\" srcset=\"https:\/\/mujeresenenergiasrenovables.co\/wp-content\/uploads\/2023\/05\/Cita_1_-_Copy-removebg-preview.png 685w, https:\/\/mujeresenenergiasrenovables.co\/wp-content\/uploads\/2023\/05\/Cita_1_-_Copy-removebg-preview-300x84.png 300w\" sizes=\"(max-width: 685px) 100vw, 685px\" \/><\/figure>\n\n\n\n<div class=\"wp-block-columns is-layout-flex wp-container-6\">\n<div class=\"wp-block-column is-layout-flow\"><\/div>\n<\/div>\n<\/div>\n<\/div>\n\n\n\n<div class=\"wp-block-uagb-container uagb-block-087e15bb alignfull uagb-is-root-container\"><div class=\"uagb-container-inner-blocks-wrap\">\n<div class=\"wp-block-columns is-layout-flex wp-container-8\">\n<div class=\"wp-block-column is-layout-flow\"><\/div>\n<\/div>\n<\/div><\/div>\n\n\n\n<div class=\"wp-block-uagb-container uagb-block-3f2e632b alignfull uagb-is-root-container\"><div class=\"uagb-container-inner-blocks-wrap\">\n<div class=\"wp-block-uagb-container uagb-block-93d16c96\">\n<p class=\"has-medium-font-size\">Mujeres en energ\u00edas renovables Colombia es una organizaci\u00f3n sin \u00e1nimo de lucro creada en abril del 2022 con el objetivo de fomentar la participaci\u00f3n de j\u00f3venes y mujeres en el sector de energ\u00edas renovables.<\/p>\n<\/div>\n<\/div><\/div>\n\n\n\n<h2 class=\"wp-block-heading has-text-align-center has-ast-global-color-2-color has-text-color has-large-font-size uag-hide-desktop uag-hide-tab\">Nuestros programas<\/h2>\n\n\n\n<div class=\"wp-block-uagb-container uagb-block-39b7ac4d alignfull uagb-is-root-container\"><div class=\"uagb-container-inner-blocks-wrap\"><\/div><\/div>\n\n\n\n<div class=\"wp-block-uagb-container uag-hide-tab uag-hide-mob uagb-block-0f5bbf6a alignfull uagb-is-root-container\"><div class=\"uagb-container-inner-blocks-wrap\">\n<h1 class=\"wp-block-heading has-text-align-center has-ast-global-color-2-color has-text-color\" style=\"font-size:60px;text-transform:none\">Nuestros Programas<\/h1>\n<\/div><\/div>\n\n\n\n<div class=\"wp-block-uagb-container uagb-block-771dc63e alignfull uagb-is-root-container\"><div class=\"uagb-container-inner-blocks-wrap\">\n<div class=\"wp-block-uagb-container uagb-block-f256a910\">\n<figure class=\"wp-block-image size-full\"><img decoding=\"async\" loading=\"lazy\" width=\"1080\" height=\"1080\" src=\"https:\/\/mujeresenenergiasrenovables.co\/wp-content\/uploads\/2023\/05\/Ilustracion-1.png\" alt=\"\" class=\"wp-image-1219\" srcset=\"https:\/\/mujeresenenergiasrenovables.co\/wp-content\/uploads\/2023\/05\/Ilustracion-1.png 1080w, https:\/\/mujeresenenergiasrenovables.co\/wp-content\/uploads\/2023\/05\/Ilustracion-1-300x300.png 300w, https:\/\/mujeresenenergiasrenovables.co\/wp-content\/uploads\/2023\/05\/Ilustracion-1-1024x1024.png 1024w, https:\/\/mujeresenenergiasrenovables.co\/wp-content\/uploads\/2023\/05\/Ilustracion-1-150x150.png 150w, https:\/\/mujeresenenergiasrenovables.co\/wp-content\/uploads\/2023\/05\/Ilustracion-1-768x768.png 768w\" sizes=\"(max-width: 1080px) 100vw, 1080px\" \/><\/figure>\n<\/div>\n\n\n\n<div class=\"wp-block-uagb-container uagb-block-0ef0edea\">\n<div class=\"wp-block-columns is-layout-flex wp-container-12\">\n<div class=\"wp-block-column is-layout-flow\">\n<div class=\"wp-block-uagb-info-box uagb-block-34af9189 uagb-infobox__content-wrap  uagb-infobox-icon-above-title uagb-infobox-image-valign-top\"><div class=\"uagb-ifb-content\"><div class=\"uagb-ifb-icon-wrap\"><svg xmlns=\"https:\/\/www.w3.org\/2000\/svg\" viewBox=\"0 0 512 512\"><path d=\"M0 256C0 114.6 114.6 0 256 0C397.4 0 512 114.6 512 256C512 397.4 397.4 512 256 512C114.6 512 0 397.4 0 256zM371.8 211.8C382.7 200.9 382.7 183.1 371.8 172.2C360.9 161.3 343.1 161.3 332.2 172.2L224 280.4L179.8 236.2C168.9 225.3 151.1 225.3 140.2 236.2C129.3 247.1 129.3 264.9 140.2 275.8L204.2 339.8C215.1 350.7 232.9 350.7 243.8 339.8L371.8 211.8z\"><\/path><\/svg><\/div><div class=\"uagb-ifb-title-wrap\"><h3 class=\"uagb-ifb-title\">Semillero<\/h3><\/div><p class=\"uagb-ifb-desc\">El programa Semillero tiene el objetivo de inspirar a las j\u00f3venes a estudiar carreras STEM en el futuro y a que descubran su pasi\u00f3n por las energ\u00edas renovables.<\/p><div class=\"uagb-ifb-button-wrapper wp-block-button\"><a href=\"https:\/\/mujeresenenergiasrenovables.co\/?page_id=77(abre en una nueva pesta\u00f1a)\" class=\"uagb-infobox-cta-link wp-block-button__link\" target=\"_self\" rel=\"noopener noreferrer\" onclick=\"return true;\" alt=\"\"><span class=\"uagb-inline-editing\">Leer m\u00e1s<\/span><\/a><\/div><\/div><\/div>\n<\/div>\n\n\n\n<div class=\"wp-block-column is-layout-flow\">\n<div class=\"wp-block-uagb-info-box uagb-block-6b2169a0 uagb-infobox__content-wrap  uagb-infobox-icon-above-title uagb-infobox-image-valign-top\"><div class=\"uagb-ifb-content\"><div class=\"uagb-ifb-icon-wrap\"><svg xmlns=\"https:\/\/www.w3.org\/2000\/svg\" viewBox=\"0 0 512 512\"><path d=\"M0 256C0 114.6 114.6 0 256 0C397.4 0 512 114.6 512 256C512 397.4 397.4 512 256 512C114.6 512 0 397.4 0 256zM371.8 211.8C382.7 200.9 382.7 183.1 371.8 172.2C360.9 161.3 343.1 161.3 332.2 172.2L224 280.4L179.8 236.2C168.9 225.3 151.1 225.3 140.2 236.2C129.3 247.1 129.3 264.9 140.2 275.8L204.2 339.8C215.1 350.7 232.9 350.7 243.8 339.8L371.8 211.8z\"><\/path><\/svg><\/div><div class=\"uagb-ifb-title-wrap\"><h3 class=\"uagb-ifb-title\">Reinvenci\u00f3n<\/h3><\/div><p class=\"uagb-ifb-desc\">El programa Reinvenci\u00f3n provee herramientas a las mujeres para que puedan transformar su carrera profesional y alcanzar su m\u00e1ximo potencial.<\/p><div class=\"uagb-ifb-button-wrapper wp-block-button\"><a href=\"https:\/\/mujeresenenergiasrenovables.co\/?page_id=77(abre en una nueva pesta\u00f1a)\" class=\"uagb-infobox-cta-link wp-block-button__link\" target=\"_self\" rel=\"noopener noreferrer\" onclick=\"return true;\" alt=\"\"><span class=\"uagb-inline-editing\">Leer m\u00e1s<\/span><\/a><\/div><\/div><\/div>\n<\/div>\n\n\n\n<div class=\"wp-block-column is-layout-flow\">\n<div class=\"wp-block-uagb-info-box uagb-block-6d11522b uagb-infobox__content-wrap  uagb-infobox-icon-above-title uagb-infobox-image-valign-top\"><div class=\"uagb-ifb-content\"><div class=\"uagb-ifb-icon-wrap\"><svg xmlns=\"https:\/\/www.w3.org\/2000\/svg\" viewBox=\"0 0 512 512\"><path d=\"M0 256C0 114.6 114.6 0 256 0C397.4 0 512 114.6 512 256C512 397.4 397.4 512 256 512C114.6 512 0 397.4 0 256zM371.8 211.8C382.7 200.9 382.7 183.1 371.8 172.2C360.9 161.3 343.1 161.3 332.2 172.2L224 280.4L179.8 236.2C168.9 225.3 151.1 225.3 140.2 236.2C129.3 247.1 129.3 264.9 140.2 275.8L204.2 339.8C215.1 350.7 232.9 350.7 243.8 339.8L371.8 211.8z\"><\/path><\/svg><\/div><div class=\"uagb-ifb-title-wrap\"><h3 class=\"uagb-ifb-title\">Innovaci\u00f3n<\/h3><\/div><p class=\"uagb-ifb-desc\">El programa Innovaci\u00f3n busca unir las fortalezas femeninas y masculinas para lograr una colaboraci\u00f3n m\u00e1s efectiva y as\u00ed un avance sostenible en el sector de energ\u00edas renovables.<\/p><div class=\"uagb-ifb-button-wrapper wp-block-button\"><a href=\"https:\/\/mujeresenenergiasrenovables.co\/?page_id=77(abre en una nueva pesta\u00f1a)\" class=\"uagb-infobox-cta-link wp-block-button__link\" target=\"_self\" rel=\"noopener noreferrer\" onclick=\"return true;\" alt=\"\"><span class=\"uagb-inline-editing\">Leer m\u00e1s<\/span><\/a><\/div><\/div><\/div>\n<\/div>\n<\/div>\n<\/div>\n<\/div><\/div>\n\n\n\n<div class=\"wp-block-uagb-container uagb-block-ff19bc5f alignfull uagb-is-root-container\"><div class=\"uagb-container-inner-blocks-wrap\">\n<div class=\"wp-block-uagb-container uagb-block-636b948e\"><\/div>\n<\/div><\/div>\n\n\n\n<h2 class=\"wp-block-heading has-text-align-center has-ast-global-color-2-color has-text-color has-large-font-size uag-hide-desktop uag-hide-tab\" style=\"text-transform:none\">Iniciativas que apoyamos<\/h2>\n\n\n\n<div class=\"wp-block-uagb-container uag-hide-mob uagb-block-985b5ba5 alignfull uagb-is-root-container\"><div class=\"uagb-container-inner-blocks-wrap\">\n<h1 class=\"wp-block-heading has-text-align-center has-ast-global-color-2-color has-text-color\" style=\"font-size:60px;text-transform:none\">Iniciativas que apoyamos<\/h1>\n<\/div><\/div>\n\n\n\n<div class=\"wp-block-uagb-container uagb-block-a9a43fc2 alignfull uagb-is-root-container\"><div class=\"uagb-container-inner-blocks-wrap\">\n<figure class=\"wp-block-image aligncenter size-full is-resized has-custom-border is-style-default\"><img decoding=\"async\" loading=\"lazy\" src=\"https:\/\/mujeresenenergiasrenovables.co\/wp-content\/uploads\/2023\/05\/equal-1.jpg\" alt=\"\" class=\"wp-image-1333\" style=\"border-style:none;border-width:0px;border-radius:10px\" width=\"221\" height=\"69\" srcset=\"https:\/\/mujeresenenergiasrenovables.co\/wp-content\/uploads\/2023\/05\/equal-1.jpg 693w, https:\/\/mujeresenenergiasrenovables.co\/wp-content\/uploads\/2023\/05\/equal-1-300x94.jpg 300w\" sizes=\"(max-width: 221px) 100vw, 221px\" \/><figcaption class=\"wp-element-caption\">Una iniciativa de Equality in Energy Transitions. Balance means business<\/figcaption><\/figure>\n<\/div><\/div>\n\n\n\n<div class=\"wp-block-uagb-container uagb-block-08a180d9 alignfull uagb-is-root-container\"><div class=\"uagb-container-inner-blocks-wrap\">\n<div class=\"wp-block-uagb-call-to-action uagb-block-da1e0ad7 wp-block-button\"><div class=\"uagb-cta__wrap\"><h2 class=\"uagb-cta__title\"><strong><strong>\u00a1\u00danete a nuestra comunidad!<\/strong><\/strong><\/h2><\/div><div class=\"uagb-cta__buttons\"><a href=\"https:\/\/mujeresenenergiasrenovables.co\/?page_id=100(abre en una nueva pesta\u00f1a)\" class=\"uagb-cta__button-link-wrapper wp-block-button__link\" target=\"_self\" rel=\"noopener noreferrer\">Cont\u00e1ctanos<\/a><\/div><\/div>\n<\/div><\/div>\n","protected":false},"excerpt":{"rendered":"<p>Nuestros programas Iniciativas que apoyamos<\/p>\n","protected":false},"author":1,"featured_media":0,"parent":0,"menu_order":0,"comment_status":"closed","ping_status":"closed","template":"","meta":{"_uag_custom_page_level_css":"","site-sidebar-layout":"default","site-content-layout":"page-builder","ast-global-header-display":"","ast-main-header-display":"","ast-hfb-above-header-display":"","ast-hfb-below-header-display":"","ast-hfb-mobile-header-display":"","site-post-title":"disabled","ast-breadcrumbs-content":"","ast-featured-img":"","footer-sml-layout":"","theme-transparent-header-meta":"disabled","adv-header-id-meta":"","stick-header-meta":"","header-above-stick-meta":"","header-main-stick-meta":"","header-below-stick-meta":""},"uagb_featured_image_src":{"full":false,"thumbnail":false,"medium":false,"medium_large":false,"large":false,"1536x1536":false,"2048x2048":false},"uagb_author_info":{"display_name":"acirem89@gmail.com","author_link":"https:\/\/mujeresenenergiasrenovables.co\/?author=1"},"uagb_comment_info":0,"uagb_excerpt":"Nuestros programas Iniciativas que apoyamos","_links":{"self":[{"href":"https:\/\/mujeresenenergiasrenovables.co\/index.php?rest_route=\/wp\/v2\/pages\/78"}],"collection":[{"href":"https:\/\/mujeresenenergiasrenovables.co\/index.php?rest_route=\/wp\/v2\/pages"}],"about":[{"href":"https:\/\/mujeresenenergiasrenovables.co\/index.php?rest_route=\/wp\/v2\/types\/page"}],"author":[{"embeddable":true,"href":"https:\/\/mujeresenenergiasrenovables.co\/index.php?rest_route=\/wp\/v2\/users\/1"}],"replies":[{"embeddable":true,"href":"https:\/\/mujeresenenergiasrenovables.co\/index.php?rest_route=%2Fwp%2Fv2%2Fcomments&post=78"}],"version-history":[{"count":83,"href":"https:\/\/mujeresenenergiasrenovables.co\/index.php?rest_route=\/wp\/v2\/pages\/78\/revisions"}],"predecessor-version":[{"id":1442,"href":"https:\/\/mujeresenenergiasrenovables.co\/index.php?rest_route=\/wp\/v2\/pages\/78\/revisions\/1442"}],"wp:attachment":[{"href":"https:\/\/mujeresenenergiasrenovables.co\/index.php?rest_route=%2Fwp%2Fv2%2Fmedia&parent=78"}],"curies":[{"name":"wp","href":"https:\/\/api.w.org\/{rel}","templated":true}]}}