{"id":77,"date":"2022-10-17T07:03:13","date_gmt":"2022-10-17T07:03:13","guid":{"rendered":"https:\/\/mujeresenenergiasrenovables.co\/?page_id=77"},"modified":"2023-05-09T14:44:25","modified_gmt":"2023-05-09T19:44:25","slug":"services","status":"publish","type":"page","link":"https:\/\/mujeresenenergiasrenovables.co\/?page_id=77","title":{"rendered":"Programas"},"content":{"rendered":"\n<div class=\"wp-block-cover alignfull is-light\"><span aria-hidden=\"true\" class=\"wp-block-cover__background has-ast-global-color-0-background-color has-background-dim\"><\/span><img decoding=\"async\" loading=\"lazy\" width=\"2560\" height=\"1920\" class=\"wp-block-cover__image-background wp-image-1277\" alt=\"\" src=\"https:\/\/mujeresenenergiasrenovables.co\/wp-content\/uploads\/2023\/05\/20220817_105457-scaled.jpg\" style=\"object-position:42% 50%\" data-object-fit=\"cover\" data-object-position=\"42% 50%\" srcset=\"https:\/\/mujeresenenergiasrenovables.co\/wp-content\/uploads\/2023\/05\/20220817_105457-scaled.jpg 2560w, https:\/\/mujeresenenergiasrenovables.co\/wp-content\/uploads\/2023\/05\/20220817_105457-300x225.jpg 300w, https:\/\/mujeresenenergiasrenovables.co\/wp-content\/uploads\/2023\/05\/20220817_105457-1024x768.jpg 1024w, https:\/\/mujeresenenergiasrenovables.co\/wp-content\/uploads\/2023\/05\/20220817_105457-768x576.jpg 768w, https:\/\/mujeresenenergiasrenovables.co\/wp-content\/uploads\/2023\/05\/20220817_105457-1536x1152.jpg 1536w, https:\/\/mujeresenenergiasrenovables.co\/wp-content\/uploads\/2023\/05\/20220817_105457-2048x1536.jpg 2048w\" sizes=\"(max-width: 2560px) 100vw, 2560px\" \/><div class=\"wp-block-cover__inner-container\">\n<p class=\"has-text-align-right has-ast-global-color-4-color has-text-color\" style=\"font-size:60px\">Equal By 30<\/p>\n<\/div><\/div>\n\n\n\n<div class=\"wp-block-uagb-container uagb-block-63994b41 alignfull uagb-is-root-container\"><div class=\"uagb-container-inner-blocks-wrap\"><\/div><\/div>\n\n\n\n<div class=\"wp-block-uagb-container uagb-block-960b8c56 alignfull uagb-is-root-container\"><div class=\"uagb-container-inner-blocks-wrap\">\n<div class=\"wp-block-columns is-layout-flex wp-container-5\">\n<div class=\"wp-block-column is-layout-flow\" style=\"flex-basis:66.66%\">\n<div class=\"wp-block-uagb-call-to-action uagb-block-34bcef94 wp-block-button\"><div class=\"uagb-cta__wrap\"><h3 class=\"uagb-cta__title\">Programa Semillero\u200b<\/h3><p class=\"uagb-cta__desc\">El programa Semillero est\u00e1 dirigido a j\u00f3venes con el objetivo de acercarlas a las energ\u00edas renovables y fomentar su curiosidad por las carreras STEM. A trav\u00e9s de este programa, se informar\u00e1 a las participantes sobre las opciones de carreras que pueden cursar para trabajar en energ\u00edas renovables en Colombia.<br><br>Durante el programa las j\u00f3venes tendr\u00e1n la oportunidad de aprender sobre energ\u00edas renovables. Tambi\u00e9n se les ense\u00f1ar\u00e1 sobre los beneficios de utilizar energ\u00edas renovables y c\u00f3mo \u00e9stas pueden ayudar a combatir el cambio clim\u00e1tico.<br><br>Adem\u00e1s, las participantes tendr\u00e1n acceso a charlas y talleres impartidos por expertas en el campo de las energ\u00edas renovables<\/p><\/div><div class=\"uagb-cta__buttons\"><a href=\"https:\/\/mujeresenenergiasrenovables.co\/?page_id=100(abre en una nueva pesta\u00f1a)\" class=\"uagb-cta__button-link-wrapper wp-block-button__link\" target=\"_self\" rel=\"noopener noreferrer\">\u00danete<\/a><\/div><\/div>\n<\/div>\n\n\n\n<div class=\"wp-block-column is-layout-flow\" style=\"flex-basis:33.33%\">\n<div class=\"wp-block-columns is-layout-flex wp-container-3\">\n<div class=\"wp-block-column is-layout-flow\">\n<div class=\"wp-block-uagb-call-to-action uagb-block-a50e6d8f\"><div class=\"uagb-cta__wrap\"><\/div><div class=\"uagb-cta__buttons\"><\/div><\/div>\n<\/div>\n<\/div>\n\n\n\n<div class=\"wp-block-uagb-buttons uagb-buttons__outer-wrap uagb-btn__default-btn uagb-btn-tablet__default-btn uagb-btn-mobile__default-btn uagb-block-dca29846 uag-hide-desktop uag-hide-tab uag-hide-mob\"><div class=\"uagb-buttons__wrap uagb-buttons-layout-wrap\">\n<div class=\"wp-block-uagb-buttons-child uagb-buttons__outer-wrap uagb-block-15438a18 wp-block-button\"><div class=\"uagb-button__wrapper\"><a class=\"uagb-buttons-repeater wp-block-button__link has-text-color\" href=\"#\" onclick=\"return false;\" rel=\"follow noopener\" target=\"_self\"><div class=\"uagb-button__link\">Descargar Programaci\u00f3n<\/div><\/a><\/div><\/div>\n<\/div><\/div>\n\n\n\n<figure class=\"wp-block-image aligncenter size-full is-resized\"><img decoding=\"async\" loading=\"lazy\" src=\"http:\/\/mujeresenenergiasrenovables.co\/wp-content\/uploads\/2023\/05\/Nina-removebg-preview.png\" alt=\"\" class=\"wp-image-1245\" width=\"101\" height=\"239\" srcset=\"https:\/\/mujeresenenergiasrenovables.co\/wp-content\/uploads\/2023\/05\/Nina-removebg-preview.png 201w, https:\/\/mujeresenenergiasrenovables.co\/wp-content\/uploads\/2023\/05\/Nina-removebg-preview-126x300.png 126w\" sizes=\"(max-width: 101px) 100vw, 101px\" \/><\/figure>\n<\/div>\n<\/div>\n<\/div><\/div>\n\n\n\n<div class=\"wp-block-uagb-container uag-hide-desktop uagb-block-9fd89e4b alignfull uagb-is-root-container\"><div class=\"uagb-container-inner-blocks-wrap\">\n<div class=\"wp-block-columns is-layout-flex wp-container-10\">\n<div class=\"wp-block-column is-layout-flow\" style=\"flex-basis:66.66%\">\n<div class=\"wp-block-uagb-call-to-action uagb-block-57a148fc wp-block-button\"><div class=\"uagb-cta__wrap\"><h3 class=\"uagb-cta__title\">Programa Reinvenci\u00f3n<\/h3><p class=\"uagb-cta__desc\">El programa Reinvenci\u00f3n est\u00e1 dise\u00f1ado para mujeres de todas las edades que deseen iniciar o hacer crecer su carrera profesional en cualquier \u00e1rea de la cadena de valor del sector de energ\u00edas renovables. Este programa brinda coaching grupal e individual con especialistas y mujeres referentes en el sector renovable de Colombia y del mundo.<br><br>Adem\u00e1s, Reinvenci\u00f3n brindar\u00e1 oportunidades de networking para que las participantes puedan conectarse con otras mujeres l\u00edderes y emprendedoras en el campo de energ\u00edas renovables.<br><br>Podr\u00e1n aprender de primera mano c\u00f3mo funciona la cadena de valor de estos proyectos y c\u00f3mo pueden ser parte de ella. Y tendr\u00e1n la oportunidad de visitar proyectos solares, e\u00f3licos y de hidrogeno verde que actualmente est\u00e1n operando en Colombia.<\/p><\/div><div class=\"uagb-cta__buttons\"><a href=\"https:\/\/mujeresenenergiasrenovables.co\/?page_id=100(abre en una nueva pesta\u00f1a)\" class=\"uagb-cta__button-link-wrapper wp-block-button__link\" target=\"_self\" rel=\"noopener noreferrer\">\u00danete<\/a><\/div><\/div>\n<\/div>\n\n\n\n<div class=\"wp-block-column is-layout-flow\" style=\"flex-basis:33.33%\">\n<div class=\"wp-block-columns is-layout-flex wp-container-8\">\n<div class=\"wp-block-column is-layout-flow\">\n<div class=\"wp-block-uagb-call-to-action uagb-block-deed2767\"><div class=\"uagb-cta__wrap\"><\/div><div class=\"uagb-cta__buttons\"><\/div><\/div>\n<\/div>\n<\/div>\n\n\n\n<div class=\"wp-block-uagb-buttons uagb-buttons__outer-wrap uagb-btn__default-btn uagb-btn-tablet__default-btn uagb-btn-mobile__default-btn uagb-block-33e1e592 uag-hide-desktop uag-hide-tab uag-hide-mob\"><div class=\"uagb-buttons__wrap uagb-buttons-layout-wrap\">\n<div class=\"wp-block-uagb-buttons-child uagb-buttons__outer-wrap uagb-block-04b3565e wp-block-button\"><div class=\"uagb-button__wrapper\"><a class=\"uagb-buttons-repeater wp-block-button__link has-text-color\" href=\"#\" onclick=\"return false;\" rel=\"follow noopener\" target=\"_self\"><div class=\"uagb-button__link\">Descargar Programaci\u00f3n<\/div><\/a><\/div><\/div>\n<\/div><\/div>\n\n\n\n<figure class=\"wp-block-image aligncenter size-full is-resized\"><img decoding=\"async\" loading=\"lazy\" src=\"http:\/\/mujeresenenergiasrenovables.co\/wp-content\/uploads\/2023\/05\/Mujer-removebg-preview.png\" alt=\"\" class=\"wp-image-1246\" width=\"97\" height=\"251\"\/><\/figure>\n<\/div>\n<\/div>\n<\/div><\/div>\n\n\n\n<div class=\"wp-block-uagb-container uag-hide-tab uag-hide-mob uagb-block-5858f08c alignfull uagb-is-root-container\"><div class=\"uagb-container-inner-blocks-wrap\">\n<div class=\"wp-block-columns is-layout-flex wp-container-13\">\n<div class=\"wp-block-column is-layout-flow\" style=\"flex-basis:33.33%\">\n<div class=\"wp-block-uagb-container uagb-block-73269b97\"><\/div>\n\n\n\n<figure class=\"wp-block-image aligncenter size-full is-resized\"><img decoding=\"async\" loading=\"lazy\" src=\"http:\/\/mujeresenenergiasrenovables.co\/wp-content\/uploads\/2023\/05\/Mujer-removebg-preview.png\" alt=\"\" class=\"wp-image-1246\" width=\"145\" height=\"377\" srcset=\"https:\/\/mujeresenenergiasrenovables.co\/wp-content\/uploads\/2023\/05\/Mujer-removebg-preview.png 193w, https:\/\/mujeresenenergiasrenovables.co\/wp-content\/uploads\/2023\/05\/Mujer-removebg-preview-115x300.png 115w\" sizes=\"(max-width: 145px) 100vw, 145px\" \/><\/figure>\n\n\n\n<p class=\"has-text-align-center uag-hide-desktop uag-hide-tab uag-hide-mob\">Fecha por definir<\/p>\n\n\n\n<div class=\"wp-block-uagb-container uag-hide-desktop uag-hide-tab uag-hide-mob uagb-block-6559d14a\">\n<div class=\"wp-block-uagb-buttons uagb-buttons__outer-wrap uagb-btn__default-btn uagb-btn-tablet__default-btn uagb-btn-mobile__default-btn uagb-block-2b6eb315\"><div class=\"uagb-buttons__wrap uagb-buttons-layout-wrap\">\n<div class=\"wp-block-uagb-buttons-child uagb-buttons__outer-wrap uagb-block-202c7d0b wp-block-button\"><div class=\"uagb-button__wrapper\"><a class=\"uagb-buttons-repeater wp-block-button__link has-text-color\" href=\"#\" onclick=\"return false;\" rel=\"follow noopener\" target=\"_self\"><div class=\"uagb-button__link\">Descargar Programaci\u00f3n<\/div><\/a><\/div><\/div>\n<\/div><\/div>\n<\/div>\n<\/div>\n\n\n\n<div class=\"wp-block-column is-layout-flow\" style=\"flex-basis:100%\">\n<div class=\"wp-block-uagb-call-to-action uagb-block-17c18c41 wp-block-button\"><div class=\"uagb-cta__wrap\"><h3 class=\"uagb-cta__title\">Programa Reinvenci\u00f3n<\/h3><p class=\"uagb-cta__desc\">El programa Reinvenci\u00f3n est\u00e1 dise\u00f1ado para mujeres de todas las edades que deseen iniciar o hacer crecer su carrera profesional en cualquier \u00e1rea de la cadena de valor del sector de energ\u00edas renovables. Este programa brinda coaching grupal e individual con especialistas y mujeres referentes en el sector renovable de Colombia y del mundo.<br><br>Adem\u00e1s, Reinvenci\u00f3n brindar\u00e1 oportunidades de networking para que las participantes puedan conectarse con otras mujeres l\u00edderes y emprendedoras en el campo de energ\u00edas renovables.<br><br>Podr\u00e1n aprender de primera mano c\u00f3mo funciona la cadena de valor de estos proyectos y c\u00f3mo pueden ser parte de ella. Y tendr\u00e1n la oportunidad de visitar proyectos solares, e\u00f3licos y de hidrogeno verde que actualmente est\u00e1n operando en Colombia.<\/p><\/div><div class=\"uagb-cta__buttons\"><a href=\"https:\/\/mujeresenenergiasrenovables.co\/?page_id=100(abre en una nueva pesta\u00f1a)\" class=\"uagb-cta__button-link-wrapper wp-block-button__link\" target=\"_self\" rel=\"noopener noreferrer\">\u00danete<\/a><\/div><\/div>\n<\/div>\n<\/div>\n<\/div><\/div>\n\n\n\n<div class=\"wp-block-uagb-container uagb-block-77427052 alignfull uagb-is-root-container\"><div class=\"uagb-container-inner-blocks-wrap\">\n<div class=\"wp-block-columns is-layout-flex wp-container-18\">\n<div class=\"wp-block-column is-layout-flow\" style=\"flex-basis:66.66%\">\n<div class=\"wp-block-uagb-call-to-action uagb-block-0f71e14a wp-block-button\"><div class=\"uagb-cta__wrap\"><h3 class=\"uagb-cta__title\">Programa Innovaci\u00f3n<\/h3><p class=\"uagb-cta__desc\">El programa Innovaci\u00f3n est\u00e1 dirigido a mujeres y hombres que participan en el sector de energ\u00edas renovables en Colombia. El objetivo de este programa es fomentar el networking y el cambio de perspectiva en el sector de energ\u00edas renovables en el pa\u00eds.<br><br>En el programa Innovaci\u00f3n, se abordar\u00e1n temas como sesgos inconscientes, lenguaje inclusivo, diversidad e inclusi\u00f3n, discriminaci\u00f3n, igualdad de g\u00e9nero, liderazgo inclusivo, flexibilidad laboral, entre otros. <br><br>Estos temas son fundamentales para crear un ambiente de trabajo m\u00e1s inclusivo y equitativo en el sector de energ\u00edas renovables.<\/p><\/div><div class=\"uagb-cta__buttons\"><a href=\"https:\/\/mujeresenenergiasrenovables.co\/?page_id=100(abre en una nueva pesta\u00f1a)\" class=\"uagb-cta__button-link-wrapper wp-block-button__link\" target=\"_self\" rel=\"noopener noreferrer\">\u00danete<\/a><\/div><\/div>\n<\/div>\n\n\n\n<div class=\"wp-block-column is-layout-flow\" style=\"flex-basis:33.33%\">\n<div class=\"wp-block-columns is-layout-flex wp-container-16\">\n<div class=\"wp-block-column is-layout-flow\">\n<div class=\"wp-block-uagb-call-to-action uagb-block-03bb278a\"><div class=\"uagb-cta__wrap\"><\/div><div class=\"uagb-cta__buttons\"><\/div><\/div>\n<\/div>\n<\/div>\n\n\n\n<div class=\"wp-block-uagb-buttons uagb-buttons__outer-wrap uagb-btn__default-btn uagb-btn-tablet__default-btn uagb-btn-mobile__default-btn uagb-block-ecc1c953 uag-hide-desktop uag-hide-tab uag-hide-mob\"><div class=\"uagb-buttons__wrap uagb-buttons-layout-wrap\">\n<div class=\"wp-block-uagb-buttons-child uagb-buttons__outer-wrap uagb-block-521ae57b wp-block-button\"><div class=\"uagb-button__wrapper\"><a class=\"uagb-buttons-repeater wp-block-button__link has-text-color\" href=\"#\" onclick=\"return false;\" rel=\"follow noopener\" target=\"_self\"><div class=\"uagb-button__link\">Descargar Programaci\u00f3n<\/div><\/a><\/div><\/div>\n<\/div><\/div>\n\n\n\n<figure class=\"wp-block-image aligncenter size-full is-resized\"><img decoding=\"async\" loading=\"lazy\" src=\"http:\/\/mujeresenenergiasrenovables.co\/wp-content\/uploads\/2023\/05\/Hombre_y_mujer-removebg-preview.png\" alt=\"\" class=\"wp-image-1247\" width=\"199\" height=\"329\" srcset=\"https:\/\/mujeresenenergiasrenovables.co\/wp-content\/uploads\/2023\/05\/Hombre_y_mujer-removebg-preview.png 265w, https:\/\/mujeresenenergiasrenovables.co\/wp-content\/uploads\/2023\/05\/Hombre_y_mujer-removebg-preview-182x300.png 182w\" sizes=\"(max-width: 199px) 100vw, 199px\" \/><\/figure>\n<\/div>\n<\/div>\n<\/div><\/div>\n\n\n\n<div class=\"wp-block-uagb-container uag-hide-desktop uag-hide-tab uag-hide-mob uagb-block-e552ba16 alignfull uagb-is-root-container\"><div class=\"uagb-container-inner-blocks-wrap\">\n<div class=\"wp-block-uagb-container uagb-block-0d206af5\">\n<div class=\"wp-block-uagb-info-box uagb-block-a8ffa371 uagb-infobox__content-wrap  uagb-infobox-icon-above-title uagb-infobox-image-valign-top\"><div class=\"uagb-ifb-content\"><div class=\"uagb-ifb-title-wrap\"><h3 class=\"uagb-ifb-title\">Programa Innovaci\u00f3n<\/h3><\/div><p class=\"uagb-ifb-desc\">El programa Innovaci\u00f3n est\u00e1 dirigido a mujeres y hombres que participan en el sector de energ\u00edas renovables en Colombia. El objetivo de este programa es fomentar el networking y el cambio de perspectiva en el sector de energ\u00edas renovables en el pa\u00eds.<br><br>En el programa Innovaci\u00f3n, se abordar\u00e1n temas como sesgos inconscientes, lenguaje inclusivo, diversidad e inclusi\u00f3n, discriminaci\u00f3n, igualdad de g\u00e9nero, liderazgo inclusivo, flexibilidad laboral, entre otros. <br><br>Estos temas son fundamentales para crear un ambiente de trabajo m\u00e1s inclusivo y equitativo en el sector de energ\u00edas renovables.<\/p><div class=\"uagb-ifb-button-wrapper wp-block-button\"><a href=\"https:\/\/mujeresenenergiasrenovables.co\/?page_id=100(abre en una nueva pesta\u00f1a)\" class=\"uagb-infobox-cta-link wp-block-button__link\" target=\"_self\" rel=\"noopener noreferrer\" onclick=\"return true;\" alt=\"\"><span class=\"uagb-inline-editing\">\u00danete<\/span><\/a><\/div><\/div><\/div>\n<\/div>\n\n\n\n<div class=\"wp-block-uagb-container uagb-block-a23720fb\">\n<div class=\"wp-block-uagb-image uagb-block-979b69f5 wp-block-uagb-image--layout-default wp-block-uagb-image--effect-static wp-block-uagb-image--align-none\"><figure class=\"wp-block-uagb-image__figure\"><img decoding=\"async\" srcset=\"https:\/\/mujeresenenergiasrenovables.co\/wp-content\/uploads\/2023\/05\/Hombre_y_mujer-removebg-preview.png ,https:\/\/websitedemos.net\/earth-08\/wp-content\/uploads\/sites\/1130\/2022\/10\/Graphic-Design-1024x806.jpg 780w, https:\/\/websitedemos.net\/earth-08\/wp-content\/uploads\/sites\/1130\/2022\/10\/Graphic-Design-1024x806.jpg 360w\" src=\"https:\/\/mujeresenenergiasrenovables.co\/wp-content\/uploads\/2023\/05\/Hombre_y_mujer-removebg-preview.png\" alt=\"\" class=\"uag-image-1247\" width=\"\" height=\"\" title=\"\" loading=\"lazy\"\/><\/figure><\/div>\n<\/div>\n<\/div><\/div>\n\n\n\n<div class=\"wp-block-uagb-container uagb-block-5693f07b alignfull uagb-is-root-container\"><div class=\"uagb-container-inner-blocks-wrap\"><\/div><\/div>\n\n\n\n<div class=\"wp-block-uagb-container uagb-block-5131b557 alignfull uagb-is-root-container\"><div class=\"uagb-container-inner-blocks-wrap\"><\/div><\/div>\n","protected":false},"excerpt":{"rendered":"","protected":false},"author":1,"featured_media":0,"parent":0,"menu_order":0,"comment_status":"closed","ping_status":"closed","template":"","meta":{"_uag_custom_page_level_css":"","site-sidebar-layout":"default","site-content-layout":"default","ast-global-header-display":"","ast-main-header-display":"","ast-hfb-above-header-display":"","ast-hfb-below-header-display":"","ast-hfb-mobile-header-display":"","site-post-title":"disabled","ast-breadcrumbs-content":"","ast-featured-img":"","footer-sml-layout":"","theme-transparent-header-meta":"disabled","adv-header-id-meta":"","stick-header-meta":"","header-above-stick-meta":"","header-main-stick-meta":"","header-below-stick-meta":""},"uagb_featured_image_src":{"full":false,"thumbnail":false,"medium":false,"medium_large":false,"large":false,"1536x1536":false,"2048x2048":false},"uagb_author_info":{"display_name":"acirem89@gmail.com","author_link":"https:\/\/mujeresenenergiasrenovables.co\/?author=1"},"uagb_comment_info":0,"uagb_excerpt":null,"_links":{"self":[{"href":"https:\/\/mujeresenenergiasrenovables.co\/index.php?rest_route=\/wp\/v2\/pages\/77"}],"collection":[{"href":"https:\/\/mujeresenenergiasrenovables.co\/index.php?rest_route=\/wp\/v2\/pages"}],"about":[{"href":"https:\/\/mujeresenenergiasrenovables.co\/index.php?rest_route=\/wp\/v2\/types\/page"}],"author":[{"embeddable":true,"href":"https:\/\/mujeresenenergiasrenovables.co\/index.php?rest_route=\/wp\/v2\/users\/1"}],"replies":[{"embeddable":true,"href":"https:\/\/mujeresenenergiasrenovables.co\/index.php?rest_route=%2Fwp%2Fv2%2Fcomments&post=77"}],"version-history":[{"count":38,"href":"https:\/\/mujeresenenergiasrenovables.co\/index.php?rest_route=\/wp\/v2\/pages\/77\/revisions"}],"predecessor-version":[{"id":1445,"href":"https:\/\/mujeresenenergiasrenovables.co\/index.php?rest_route=\/wp\/v2\/pages\/77\/revisions\/1445"}],"wp:attachment":[{"href":"https:\/\/mujeresenenergiasrenovables.co\/index.php?rest_route=%2Fwp%2Fv2%2Fmedia&parent=77"}],"curies":[{"name":"wp","href":"https:\/\/api.w.org\/{rel}","templated":true}]}}