{"id":107,"date":"2022-10-17T07:27:30","date_gmt":"2022-10-17T07:27:30","guid":{"rendered":"https:\/\/mujeresenenergiasrenovables.co\/?page_id=107"},"modified":"2023-05-09T13:59:47","modified_gmt":"2023-05-09T18:59:47","slug":"about","status":"publish","type":"page","link":"https:\/\/mujeresenenergiasrenovables.co\/?page_id=107","title":{"rendered":"Prop\u00f3sito"},"content":{"rendered":"\n<div class=\"wp-block-uagb-container uagb-block-b3d86c3c alignfull uagb-is-root-container\"><div class=\"uagb-container-inner-blocks-wrap\">\n<figure class=\"wp-block-image size-full has-custom-border\"><img decoding=\"async\" loading=\"lazy\" width=\"1569\" height=\"396\" src=\"https:\/\/mujeresenenergiasrenovables.co\/wp-content\/uploads\/2023\/05\/Cinta-2-3.jpg\" alt=\"\" class=\"wp-image-1418\" style=\"border-radius:0px\" srcset=\"https:\/\/mujeresenenergiasrenovables.co\/wp-content\/uploads\/2023\/05\/Cinta-2-3.jpg 1569w, https:\/\/mujeresenenergiasrenovables.co\/wp-content\/uploads\/2023\/05\/Cinta-2-3-300x76.jpg 300w, https:\/\/mujeresenenergiasrenovables.co\/wp-content\/uploads\/2023\/05\/Cinta-2-3-1024x258.jpg 1024w, https:\/\/mujeresenenergiasrenovables.co\/wp-content\/uploads\/2023\/05\/Cinta-2-3-768x194.jpg 768w, https:\/\/mujeresenenergiasrenovables.co\/wp-content\/uploads\/2023\/05\/Cinta-2-3-1536x388.jpg 1536w\" sizes=\"(max-width: 1569px) 100vw, 1569px\" \/><\/figure>\n<\/div><\/div>\n\n\n\n<div class=\"wp-block-uagb-container uagb-block-d0ba503c alignfull uagb-is-root-container\"><div class=\"uagb-container-inner-blocks-wrap\">\n<div class=\"wp-block-columns is-layout-flex wp-container-3\">\n<div class=\"wp-block-column is-layout-flow\" style=\"flex-basis:33.33%\">\n<div class=\"wp-block-uagb-container uag-hide-tab uag-hide-mob uagb-block-d8bd131d\"><\/div>\n\n\n\n<figure class=\"wp-block-image aligncenter size-large\"><img decoding=\"async\" loading=\"lazy\" width=\"1024\" height=\"1008\" src=\"http:\/\/mujeresenenergiasrenovables.co\/wp-content\/uploads\/2023\/05\/20220816_114448-1-1024x1008.jpg\" alt=\"\" class=\"wp-image-1100\" srcset=\"https:\/\/mujeresenenergiasrenovables.co\/wp-content\/uploads\/2023\/05\/20220816_114448-1-1024x1008.jpg 1024w, https:\/\/mujeresenenergiasrenovables.co\/wp-content\/uploads\/2023\/05\/20220816_114448-1-300x295.jpg 300w, https:\/\/mujeresenenergiasrenovables.co\/wp-content\/uploads\/2023\/05\/20220816_114448-1-768x756.jpg 768w, https:\/\/mujeresenenergiasrenovables.co\/wp-content\/uploads\/2023\/05\/20220816_114448-1-1536x1511.jpg 1536w, https:\/\/mujeresenenergiasrenovables.co\/wp-content\/uploads\/2023\/05\/20220816_114448-1-2048x2015.jpg 2048w\" sizes=\"(max-width: 1024px) 100vw, 1024px\" \/><\/figure>\n<\/div>\n\n\n\n<div class=\"wp-block-column is-layout-flow\" style=\"flex-basis:66.66%\">\n<div class=\"wp-block-uagb-info-box uagb-block-cb665842 uagb-infobox__content-wrap  uagb-infobox-icon-above-title uagb-infobox-image-valign-top\"><div class=\"uagb-ifb-content\"><div class=\"uagb-ifb-title-wrap\"><h3 class=\"uagb-ifb-title\">Prop\u00f3sito<\/h3><\/div><p class=\"uagb-ifb-desc\">Nuestro prop\u00f3sito es formar una comunidad de mujeres que se apoyan y se empoderan, para construir habilidades que les permitan avanzar en su carrera profesional hacia roles de liderazgo y toma de decisiones.<br><br>Queremos visibilizar a las mujeres detr\u00e1s de los proyectos de energ\u00edas renovables que actualmente se est\u00e1n ejecutando en Colombia, con el fin de reconocer su trabajo y promover la equidad de g\u00e9nero en el sector. Fomentamos el networking entre mujeres y hombres, y el acceso de las mujeres a m\u00e1s oportunidades laborales desde la uni\u00f3n de las fortalezas femeninas y masculinas.<br>Creemos firmemente en el potencial de las mujeres para liderar y contribuir en la cadena de valor del sector de energ\u00edas renovables en el pa\u00eds, y estamos comprometidas en trabajar juntas para lograrlo.<br><br>Queremos brindar herramientas para que las mujeres interesadas puedan adquirir conocimientos y habilidades para ser parte activa del sector de energ\u00edas renovables y as\u00ed contribuir a cerrar la brecha de genero para 2030.<br><br>Juntas podemos hacer la diferencia, promoviendo un futuro sostenible y equitativo en el pa\u00eds!<\/p><\/div><\/div>\n<\/div>\n<\/div>\n<\/div><\/div>\n\n\n\n<div class=\"wp-block-uagb-container uagb-block-bdf2a0fc alignfull uagb-is-root-container\"><div class=\"uagb-container-inner-blocks-wrap\">\n<div class=\"wp-block-uagb-call-to-action uagb-block-d2eb687c wp-block-button\"><div class=\"uagb-cta__wrap\"><h3 class=\"uagb-cta__title\">\u00a1\u00danete a nuestra comunidad!<\/h3><p class=\"uagb-cta__desc\">Como miembro, mentora o participante en nuestros programas Semillero, Reinvenci\u00f3n e Innovaci\u00f3n<\/p><\/div><div class=\"uagb-cta__buttons\"><a href=\"https:\/\/mujeresenenergiasrenovables.co\/?page_id=77(abre en una nueva pesta\u00f1a)\" class=\"uagb-cta__button-link-wrapper wp-block-button__link\" target=\"_self\" rel=\"noopener noreferrer\">Programas<\/a><\/div><\/div>\n\n\n\n<div class=\"wp-block-uagb-container uagb-block-0cbd51f5 alignfull uagb-is-root-container\"><div class=\"uagb-container-inner-blocks-wrap\"><\/div><\/div>\n<\/div><\/div>\n","protected":false},"excerpt":{"rendered":"","protected":false},"author":1,"featured_media":0,"parent":0,"menu_order":0,"comment_status":"closed","ping_status":"closed","template":"","meta":{"_uag_custom_page_level_css":"","site-sidebar-layout":"default","site-content-layout":"default","ast-global-header-display":"","ast-main-header-display":"","ast-hfb-above-header-display":"","ast-hfb-below-header-display":"","ast-hfb-mobile-header-display":"","site-post-title":"disabled","ast-breadcrumbs-content":"","ast-featured-img":"","footer-sml-layout":"","theme-transparent-header-meta":"disabled","adv-header-id-meta":"","stick-header-meta":"","header-above-stick-meta":"","header-main-stick-meta":"","header-below-stick-meta":""},"uagb_featured_image_src":{"full":false,"thumbnail":false,"medium":false,"medium_large":false,"large":false,"1536x1536":false,"2048x2048":false},"uagb_author_info":{"display_name":"acirem89@gmail.com","author_link":"https:\/\/mujeresenenergiasrenovables.co\/?author=1"},"uagb_comment_info":0,"uagb_excerpt":null,"_links":{"self":[{"href":"https:\/\/mujeresenenergiasrenovables.co\/index.php?rest_route=\/wp\/v2\/pages\/107"}],"collection":[{"href":"https:\/\/mujeresenenergiasrenovables.co\/index.php?rest_route=\/wp\/v2\/pages"}],"about":[{"href":"https:\/\/mujeresenenergiasrenovables.co\/index.php?rest_route=\/wp\/v2\/types\/page"}],"author":[{"embeddable":true,"href":"https:\/\/mujeresenenergiasrenovables.co\/index.php?rest_route=\/wp\/v2\/users\/1"}],"replies":[{"embeddable":true,"href":"https:\/\/mujeresenenergiasrenovables.co\/index.php?rest_route=%2Fwp%2Fv2%2Fcomments&post=107"}],"version-history":[{"count":33,"href":"https:\/\/mujeresenenergiasrenovables.co\/index.php?rest_route=\/wp\/v2\/pages\/107\/revisions"}],"predecessor-version":[{"id":1477,"href":"https:\/\/mujeresenenergiasrenovables.co\/index.php?rest_route=\/wp\/v2\/pages\/107\/revisions\/1477"}],"wp:attachment":[{"href":"https:\/\/mujeresenenergiasrenovables.co\/index.php?rest_route=%2Fwp%2Fv2%2Fmedia&parent=107"}],"curies":[{"name":"wp","href":"https:\/\/api.w.org\/{rel}","templated":true}]}}